{"id":669,"date":"2013-07-21T00:03:24","date_gmt":"2013-07-20T22:03:24","guid":{"rendered":"http:\/\/silat.de\/develop\/?page_id=669"},"modified":"2024-08-27T20:23:05","modified_gmt":"2024-08-27T19:23:05","slug":"augsburg","status":"publish","type":"page","link":"https:\/\/silat.de\/wp\/augsburg","title":{"rendered":"Neus\u00e4\u00df"},"content":{"rendered":"<h2><span style=\"font-size: xx-large;\">Neus\u00e4\u00df<\/span><\/h2>\n<p>Ansprechpartner: <a href=\"mailto:dietmar.lokatis@t-online.de\"><span style=\"color: #0000ff;\">Dietmar Lokatis<\/span><\/a><\/p>\n<table style=\"background-color: #f5f5f5; width: 500px;\" border=\"0\">\n<tbody>\n<tr>\n<td>\n<h3><strong>Turnhalle Grundschule Steppach<\/strong><\/h3>\n<\/td>\n<\/tr>\n<tr>\n<td>Jahnstra\u00dfe. 2<\/td>\n<\/tr>\n<tr>\n<td>86356\u00a0Neus\u00e4\u00df<\/td>\n<\/tr>\n<tr>\n<td><span style=\"text-decoration: underline;\"><span style=\"color: #3366ff; text-decoration: underline;\"><a href=\"https:\/\/maps.google.de\/maps?q=Schulturnhalle+Steppach+Jahnstr.+2,+86356+Neus%C3%A4%C3%9F+&amp;hl=en&amp;ie=UTF8&amp;sll=47.79106,11.836615&amp;sspn=0.010264,0.022724&amp;gl=de&amp;hq=Schulturnhalle+Steppach+Jahnstr.+2,&amp;hnear=Neus%C3%A4%C3%9F,+Bavarian+Swabia,+Bavaria&amp;t=m&amp;z=14&amp;iwloc=A\" target=\"_blank\" rel=\"noopener\"><span style=\"color: #3366ff; text-decoration: underline;\">+ Google Maps<\/span><\/a><\/span><\/span><\/td>\n<\/tr>\n<\/tbody>\n<\/table>\n<table style=\"width: 555px; height: 70px;\" cellspacing=\"0\" cellpadding=\"3\">\n<tbody>\n<tr>\n<td><strong>Freitag<\/strong><\/td>\n<td>18.00 &#8211; 20.00 Uhr<\/td>\n<td>Tao Kung<\/td>\n<\/tr>\n<tr>\n<td><strong>Samstag<\/strong><\/td>\n<td>16.00 &#8211; 17.00 Uhr<\/td>\n<td>Kinder, ab 8 Jahre<\/td>\n<\/tr>\n<tr>\n<td><\/td>\n<td>17.00 &#8211; 18.20 Uhr<\/td>\n<td>Kinder, ab 12 Jahre<\/td>\n<\/tr>\n<tr>\n<td><\/td>\n<td>18.20 &#8211; 20.00 Uhr<\/td>\n<td>Erwachsene<\/td>\n<\/tr>\n<\/tbody>\n<\/table>\n","protected":false},"excerpt":{"rendered":"<p>Neus\u00e4\u00df Ansprechpartner: Dietmar Lokatis Turnhalle Grundschule Steppach Jahnstra\u00dfe. 2 86356\u00a0Neus\u00e4\u00df + Google Maps Freitag 18.00 &#8211; 20.00 Uhr Tao Kung Samstag 16.00 &#8211; 17.00 Uhr Kinder, ab 8 Jahre 17.00 [&hellip;]<\/p>\n","protected":false},"author":1,"featured_media":0,"parent":0,"menu_order":25,"comment_status":"open","ping_status":"open","template":"","meta":{"footnotes":""},"class_list":["post-669","page","type-page","status-publish","hentry"],"_links":{"self":[{"href":"https:\/\/silat.de\/wp\/wp-json\/wp\/v2\/pages\/669","targetHints":{"allow":["GET"]}}],"collection":[{"href":"https:\/\/silat.de\/wp\/wp-json\/wp\/v2\/pages"}],"about":[{"href":"https:\/\/silat.de\/wp\/wp-json\/wp\/v2\/types\/page"}],"author":[{"embeddable":true,"href":"https:\/\/silat.de\/wp\/wp-json\/wp\/v2\/users\/1"}],"replies":[{"embeddable":true,"href":"https:\/\/silat.de\/wp\/wp-json\/wp\/v2\/comments?post=669"}],"version-history":[{"count":22,"href":"https:\/\/silat.de\/wp\/wp-json\/wp\/v2\/pages\/669\/revisions"}],"predecessor-version":[{"id":2007,"href":"https:\/\/silat.de\/wp\/wp-json\/wp\/v2\/pages\/669\/revisions\/2007"}],"wp:attachment":[{"href":"https:\/\/silat.de\/wp\/wp-json\/wp\/v2\/media?parent=669"}],"curies":[{"name":"wp","href":"https:\/\/api.w.org\/{rel}","templated":true}]}}